{"id":4578,"date":"2024-01-01T20:38:00","date_gmt":"2024-01-01T19:38:00","guid":{"rendered":"https:\/\/fete.arbeit-bis-ins-alter.de\/info-for-participants\/"},"modified":"2024-06-11T12:06:51","modified_gmt":"2024-06-11T10:06:51","slug":"info-for-participants","status":"publish","type":"page","link":"https:\/\/www.fetedelamusique.de\/en\/info-for-participants\/","title":{"rendered":"Info for participants"},"content":{"rendered":"\n<div style=\"height:10px\" aria-hidden=\"true\" class=\"wp-block-spacer\"><\/div>\n\n\n\n<div class=\"wp-block-columns alignwide is-layout-flex wp-container-core-columns-is-layout-d0b3c9c8 wp-block-columns-is-layout-flex\">\n<div class=\"wp-block-column is-layout-flow wp-block-column-is-layout-flow\" style=\"flex-basis:50%\">\n<h1 class=\"wp-block-heading\">F\u00eate de la Musique | what&#8217;s allowed &#8211; and what&#8217;s not?<\/h1>\n\n\n\n<p><strong>F\u00eate de la Musique 2024 &#8211; It&#8217;s your F\u00eate!<br>Here you can find out how to get involved and what to look out for.<\/strong><\/p>\n\n\n\n<p>Thank you for your interest in becoming part of the biggest music festival in the world! Thank you for making it possible for people all over the city to enjoy music on 21 June and celebrate the longest and most musical day of the year together.<\/p>\n\n\n\n<p><strong>How can you participate?<\/strong><\/p>\n\n\n\n<p><strong>Musicians<\/strong><br>On this page, we are mainly addressing musicians who can play spontaneously on the streets or in a planned way at one of the many music venues. Everyone is welcome to participate, whether you are a professional or a beginner, and regardless of your preferred musical style. You can apply for a slot on a stage\/at a music venue via our matchmaking tool. If you prefer to play spontaneously and unamplified on the street, you can already find the guide for buskers here.<\/p>\n\n\n\n<p><strong>Organisers<\/strong><br>What would the F\u00eate de la Musique be without the numerous music venues all over the city? It doesn&#8217;t have to be a perfect festival stage designed for thousands of visitors &#8211; a music venue on 21 June can also be a community garden, a youth club, a hairdresser&#8217;s salon or a Sp\u00e4ti. This information is therefore aimed at people, associations, initiatives, clubs, concert and cultural organisers who would like to organise a music venue. Here you can find out what you need to consider and do, and what we are happy to help you with.<\/p>\n\n\n\n<p><\/p>\n\n\n\n<p><strong><a href=\"https:\/\/www.fetedelamusique.de\/wp-content\/uploads\/2022\/12\/Fete-de-la-Musique-General-Agreement.pdf\" target=\"_blank\" rel=\"noreferrer noopener\">General Agreement for the F\u00eate de la Musique (PDF).<\/a><\/strong><\/p>\n<\/div>\n\n\n\n<div class=\"wp-block-column is-layout-flow wp-block-column-is-layout-flow\" style=\"border-style:none;border-width:0px;padding-top:0;padding-right:0;padding-bottom:0;padding-left:0;flex-basis:50%\">\n<div class=\"wp-block-columns has-border-color is-layout-flex wp-container-core-columns-is-layout-7bcf1f32 wp-block-columns-is-layout-flex\" style=\"border-color:#465ae6;border-width:2px;border-radius:26px;padding-top:28px;padding-right:28px;padding-bottom:28px;padding-left:28px\">\n<div class=\"wp-block-column is-layout-flow wp-block-column-is-layout-flow\" style=\"flex-basis:100%\">\n<h2 class=\"wp-block-heading\"><strong>Music Declares Emergency<\/strong><\/h2>\n\n\n\n<p>Together with <strong>Music Declares Emergency Germany<\/strong> we ask you to use your stages also for the issues of climate justice and solidarity.<br>And it&#8217;s easy to do so: Play the <strong>audio interventions<\/strong> produced for you right before your concerts. Shortly before the performance, you can make a positive appeal to the audience.<br>You wonder what is said in it? Listen to it directly!<\/p>\n\n\n\n<p>In addition, there is a <strong>poster <\/strong>to print out yourself, with which you can show that you support the message &#8220;No Music On A Dead Planet&#8221;.<br>To find out who Music Declares Emergency is and how you can become part of the movement, visit their website: <a href=\"http:\/\/www.musicdeclares.net\">www.musicdeclares.net<\/a><\/p>\n\n\n\n<p>On the day of the F\u00eate, there is one thing above all: celebration! However, the fact that the future of the event and music industry is threatened should not be kept quiet.<\/p>\n\n\n\n<p><a href=\"https:\/\/www.fetedelamusique.de\/wp-content\/uploads\/2023\/06\/Plakat-zum-Selbstausdrucken.pdf\" target=\"_blank\" rel=\"noreferrer noopener\"><strong>Poster for self-printing. (PDF)<\/strong><\/a><\/p>\n\n\n\n<p><strong><a href=\"https:\/\/www.fetedelamusique.de\/wp-content\/uploads\/2023\/06\/MDE_FDLM_INTERVENTIONS_ENGLISH_LUCY-KRUGER.wav\" target=\"_blank\" rel=\"noreferrer noopener\">Music Declares Emergency LUCY KRUGER (WAV)<\/a><\/strong><\/p>\n\n\n\n<figure class=\"wp-block-audio\"><audio controls src=\"https:\/\/www.fetedelamusique.de\/wp-content\/uploads\/2023\/06\/MDE_FDLM_INTERVENTIONS_ENGLISH_LUCY-KRUGER.wav\"><\/audio><\/figure>\n<\/div>\n<\/div>\n<\/div>\n<\/div>\n\n\n\n<div class=\"wp-block-columns alignwide is-layout-flex wp-container-core-columns-is-layout-d0b3c9c8 wp-block-columns-is-layout-flex\">\n<div class=\"wp-block-column is-layout-flow wp-block-column-is-layout-flow\">\n<h2 class=\"wp-block-heading\">Downloads for Organisers<\/h2>\n\n\n\n<p><a href=\"https:\/\/www.fetedelamusique.de\/wp-content\/uploads\/2022\/12\/Fete-de-la-Musique-Handlungsleitfaden-Veranstalter_innen.pdf\" target=\"_blank\" rel=\"noreferrer noopener\"><strong>Guidelines for organizers &#8211; duties and rights (PDF)<\/strong><\/a><\/p>\n\n\n\n<p><a href=\"https:\/\/www.fetedelamusique.de\/wp-content\/uploads\/2022\/12\/Fete-de-la-Musique-Muster-Kooperationsvertrag-Outdoor.pdf\" target=\"_blank\" rel=\"noreferrer noopener\"><strong>Sample cooperation agreement &#8211; outdoor (PDF)<\/strong><\/a><\/p>\n\n\n\n<p><a href=\"https:\/\/www.fetedelamusique.de\/wp-content\/uploads\/2022\/12\/Merkblatt-Sanitaetsdienst-bei-Grossveranstaltungen.pdf\" target=\"_blank\" rel=\"noreferrer noopener\"><strong>Instruction sheet first-aid service (PDF)<\/strong><\/a><\/p>\n\n\n\n<p><a href=\"https:\/\/www.fetedelamusique.de\/wp-content\/uploads\/2022\/12\/Merkblatt-Veterinaer-und-Lebensmittelueberwachung.pdf\" target=\"_blank\" rel=\"noreferrer noopener\"><strong>Leaflet Gastronomy (PDF)<\/strong><\/a><\/p>\n\n\n\n<p><strong><a href=\"https:\/\/www.fetedelamusique.de\/wp-content\/uploads\/2024\/06\/Fete-2024-Grafikvorlagen_v4.zip\" target=\"_blank\" rel=\"noreferrer noopener\">Graphic Template (ZIP)<\/a><\/strong><\/p>\n<\/div>\n\n\n\n<div class=\"wp-block-column is-layout-flow wp-block-column-is-layout-flow\">\n<h2 class=\"wp-block-heading\">Downloads for Musicians<\/h2>\n\n\n\n<p><a href=\"https:\/\/www.fetedelamusique.de\/wp-content\/uploads\/2022\/12\/Fete-de-la-Musique-Leitfaden-Strassenmusik.pdf\" target=\"_blank\" rel=\"noreferrer noopener\"><strong>Guide for street musicians (PDF)<\/strong><\/a><\/p>\n\n\n\n<h2 class=\"wp-block-heading\">Tips for inclusion and accessibility<\/h2>\n\n\n\n<p><br><strong><a href=\"https:\/\/www.fetedelamusique.de\/wp-content\/uploads\/2023\/03\/PINC_Leitfaden.pdf\" target=\"_blank\" rel=\"noreferrer noopener\">Guide and link list for accessibility at live cultural events (PDF)<\/a><\/strong><\/p>\n\n\n\n<p><strong><a href=\"https:\/\/pincmusic.net\/bands\/\" target=\"_blank\" rel=\"noreferrer noopener\">Musiker:innen-Database of <em>pinc Music <\/em><\/a><\/strong><\/p>\n<\/div>\n<\/div>\n\n\n\n<div style=\"height:136px\" aria-hidden=\"true\" class=\"wp-block-spacer\"><\/div>\n","protected":false},"excerpt":{"rendered":"<p>F\u00eate de la Musique | what&#8217;s allowed &#8211; and what&#8217;s not? F\u00eate de la Musique 2024 &#8211; It&#8217;s your F\u00eate!Here you can find out how to get involved and what to look out for. Thank you for your interest in becoming part of the biggest music festival in the world! Thank you for making it [&hellip;]<\/p>\n","protected":false},"author":1,"featured_media":0,"parent":0,"menu_order":0,"comment_status":"closed","ping_status":"closed","template":"","meta":{"inline_featured_image":false,"footnotes":""},"wf_page_folders":[200],"class_list":["post-4578","page","type-page","status-publish","hentry"],"yoast_head":"<!-- This site is optimized with the Yoast SEO plugin v27.1.1 - https:\/\/yoast.com\/product\/yoast-seo-wordpress\/ -->\n<title>Stage organisers &amp; musicians: all information and forms to download!<\/title>\n<meta name=\"description\" content=\"Let the music play! On this page you can find all the necessary forms and information to download. Dear stage partners, dear organisers and dear musicians: We&#039;re very happy that you&#039;re with us on the F\u00eate de la Musique, that you&#039;re helping us to make it what it is, make it colourful and ensure that it&#039;s filled with life!\" \/>\n<meta name=\"robots\" content=\"index, follow, max-snippet:-1, max-image-preview:large, max-video-preview:-1\" \/>\n<link rel=\"canonical\" href=\"https:\/\/www.fetedelamusique.de\/en\/info-for-participants\/\" \/>\n<meta property=\"og:locale\" content=\"en_US\" \/>\n<meta property=\"og:type\" content=\"article\" \/>\n<meta property=\"og:title\" content=\"Stage organisers &amp; musicians: all information and forms to download!\" \/>\n<meta property=\"og:description\" content=\"Let the music play! On this page you can find all the necessary forms and information to download. Dear stage partners, dear organisers and dear musicians: We&#039;re very happy that you&#039;re with us on the F\u00eate de la Musique, that you&#039;re helping us to make it what it is, make it colourful and ensure that it&#039;s filled with life!\" \/>\n<meta property=\"og:url\" content=\"https:\/\/www.fetedelamusique.de\/en\/info-for-participants\/\" \/>\n<meta property=\"og:site_name\" content=\"F\u00eate de la Musique Berlin | #FETEBerlin 2026\" \/>\n<meta property=\"article:publisher\" content=\"https:\/\/www.facebook.com\/FETEBerlin\/\" \/>\n<meta property=\"article:modified_time\" content=\"2024-06-11T10:06:51+00:00\" \/>\n<meta property=\"og:image\" content=\"https:\/\/www.fetedelamusique.de\/wp-content\/uploads\/2024\/04\/fete-de-la-musique-berlin-2024-logo-2-e1713955283248.png\" \/>\n\t<meta property=\"og:image:width\" content=\"1200\" \/>\n\t<meta property=\"og:image:height\" content=\"630\" \/>\n\t<meta property=\"og:image:type\" content=\"image\/png\" \/>\n<meta name=\"twitter:card\" content=\"summary_large_image\" \/>\n<meta name=\"twitter:title\" content=\"Stage organisers &amp; musicians: all information and forms to download!\" \/>\n<meta name=\"twitter:description\" content=\"Let the music play! On this page you can find all the necessary forms and information to download. Dear stage partners, dear organisers and dear musicians: We&#039;re very happy that you&#039;re with us on the F\u00eate de la Musique, that you&#039;re helping us to make it what it is, make it colourful and ensure that it&#039;s filled with life!\" \/>\n<meta name=\"twitter:image\" content=\"https:\/\/www.fetedelamusique.de\/wp-content\/uploads\/2024\/04\/fete-de-la-musique-berlin-2024-logo-2-e1713955283248.png\" \/>\n<meta name=\"twitter:site\" content=\"@FETEberlin\" \/>\n<meta name=\"twitter:label1\" content=\"Est. reading time\" \/>\n\t<meta name=\"twitter:data1\" content=\"2 minutes\" \/>\n<script type=\"application\/ld+json\" class=\"yoast-schema-graph\">{\"@context\":\"https:\/\/schema.org\",\"@graph\":[{\"@type\":\"WebPage\",\"@id\":\"https:\/\/www.fetedelamusique.de\/en\/info-for-participants\/\",\"url\":\"https:\/\/www.fetedelamusique.de\/en\/info-for-participants\/\",\"name\":\"Stage organisers & musicians: all information and forms to download!\",\"isPartOf\":{\"@id\":\"https:\/\/www.fetedelamusique.de\/#website\"},\"datePublished\":\"2024-01-01T19:38:00+00:00\",\"dateModified\":\"2024-06-11T10:06:51+00:00\",\"description\":\"Let the music play! On this page you can find all the necessary forms and information to download. Dear stage partners, dear organisers and dear musicians: We're very happy that you're with us on the F\u00eate de la Musique, that you're helping us to make it what it is, make it colourful and ensure that it's filled with life!\",\"inLanguage\":\"en-US\",\"potentialAction\":[{\"@type\":\"ReadAction\",\"target\":[\"https:\/\/www.fetedelamusique.de\/en\/info-for-participants\/\"]}]},{\"@type\":\"WebSite\",\"@id\":\"https:\/\/www.fetedelamusique.de\/#website\",\"url\":\"https:\/\/www.fetedelamusique.de\/\",\"name\":\"F\u00eate de la Musique Berlin | #FETEBerlin 2026\",\"description\":\"Berlin celebrates music. In all districts. For free, outside and inside. On 21 June. Join in, everyone.\",\"publisher\":{\"@id\":\"https:\/\/www.fetedelamusique.de\/#organization\"},\"potentialAction\":[{\"@type\":\"SearchAction\",\"target\":{\"@type\":\"EntryPoint\",\"urlTemplate\":\"https:\/\/www.fetedelamusique.de\/?s={search_term_string}\"},\"query-input\":{\"@type\":\"PropertyValueSpecification\",\"valueRequired\":true,\"valueName\":\"search_term_string\"}}],\"inLanguage\":\"en-US\"},{\"@type\":\"Organization\",\"@id\":\"https:\/\/www.fetedelamusique.de\/#organization\",\"name\":\"F\u00eate de la Musique Berlin\",\"url\":\"https:\/\/www.fetedelamusique.de\/\",\"logo\":{\"@type\":\"ImageObject\",\"inLanguage\":\"en-US\",\"@id\":\"https:\/\/www.fetedelamusique.de\/#\/schema\/logo\/image\/\",\"url\":\"https:\/\/www.fetedelamusique.de\/wp-content\/uploads\/2022\/06\/Logo2.png\",\"contentUrl\":\"https:\/\/www.fetedelamusique.de\/wp-content\/uploads\/2022\/06\/Logo2.png\",\"width\":3508,\"height\":1358,\"caption\":\"F\u00eate de la Musique Berlin\"},\"image\":{\"@id\":\"https:\/\/www.fetedelamusique.de\/#\/schema\/logo\/image\/\"},\"sameAs\":[\"https:\/\/www.facebook.com\/FETEBerlin\/\",\"https:\/\/x.com\/FETEberlin\",\"https:\/\/www.youtube.com\/channel\/UC6bQMMsctBTXZCTx4r1SXAg\",\"https:\/\/www.tiktok.com\/fetedelamusiqueberlin\",\"https:\/\/www.instagram.com\/feteberlin\/\",\"https:\/\/social.www.fetedelamusique.de\"]}]}<\/script>\n<!-- \/ Yoast SEO plugin. -->","yoast_head_json":{"title":"Stage organisers & musicians: all information and forms to download!","description":"Let the music play! On this page you can find all the necessary forms and information to download. Dear stage partners, dear organisers and dear musicians: We're very happy that you're with us on the F\u00eate de la Musique, that you're helping us to make it what it is, make it colourful and ensure that it's filled with life!","robots":{"index":"index","follow":"follow","max-snippet":"max-snippet:-1","max-image-preview":"max-image-preview:large","max-video-preview":"max-video-preview:-1"},"canonical":"https:\/\/www.fetedelamusique.de\/en\/info-for-participants\/","og_locale":"en_US","og_type":"article","og_title":"Stage organisers & musicians: all information and forms to download!","og_description":"Let the music play! On this page you can find all the necessary forms and information to download. Dear stage partners, dear organisers and dear musicians: We're very happy that you're with us on the F\u00eate de la Musique, that you're helping us to make it what it is, make it colourful and ensure that it's filled with life!","og_url":"https:\/\/www.fetedelamusique.de\/en\/info-for-participants\/","og_site_name":"F\u00eate de la Musique Berlin | #FETEBerlin 2026","article_publisher":"https:\/\/www.facebook.com\/FETEBerlin\/","article_modified_time":"2024-06-11T10:06:51+00:00","og_image":[{"width":1200,"height":630,"url":"https:\/\/www.fetedelamusique.de\/wp-content\/uploads\/2024\/04\/fete-de-la-musique-berlin-2024-logo-2-e1713955283248.png","type":"image\/png"}],"twitter_card":"summary_large_image","twitter_title":"Stage organisers & musicians: all information and forms to download!","twitter_description":"Let the music play! On this page you can find all the necessary forms and information to download. Dear stage partners, dear organisers and dear musicians: We're very happy that you're with us on the F\u00eate de la Musique, that you're helping us to make it what it is, make it colourful and ensure that it's filled with life!","twitter_image":"https:\/\/www.fetedelamusique.de\/wp-content\/uploads\/2024\/04\/fete-de-la-musique-berlin-2024-logo-2-e1713955283248.png","twitter_site":"@FETEberlin","twitter_misc":{"Est. reading time":"2 minutes"},"schema":{"@context":"https:\/\/schema.org","@graph":[{"@type":"WebPage","@id":"https:\/\/www.fetedelamusique.de\/en\/info-for-participants\/","url":"https:\/\/www.fetedelamusique.de\/en\/info-for-participants\/","name":"Stage organisers & musicians: all information and forms to download!","isPartOf":{"@id":"https:\/\/www.fetedelamusique.de\/#website"},"datePublished":"2024-01-01T19:38:00+00:00","dateModified":"2024-06-11T10:06:51+00:00","description":"Let the music play! On this page you can find all the necessary forms and information to download. Dear stage partners, dear organisers and dear musicians: We're very happy that you're with us on the F\u00eate de la Musique, that you're helping us to make it what it is, make it colourful and ensure that it's filled with life!","inLanguage":"en-US","potentialAction":[{"@type":"ReadAction","target":["https:\/\/www.fetedelamusique.de\/en\/info-for-participants\/"]}]},{"@type":"WebSite","@id":"https:\/\/www.fetedelamusique.de\/#website","url":"https:\/\/www.fetedelamusique.de\/","name":"F\u00eate de la Musique Berlin | #FETEBerlin 2026","description":"Berlin celebrates music. In all districts. For free, outside and inside. On 21 June. Join in, everyone.","publisher":{"@id":"https:\/\/www.fetedelamusique.de\/#organization"},"potentialAction":[{"@type":"SearchAction","target":{"@type":"EntryPoint","urlTemplate":"https:\/\/www.fetedelamusique.de\/?s={search_term_string}"},"query-input":{"@type":"PropertyValueSpecification","valueRequired":true,"valueName":"search_term_string"}}],"inLanguage":"en-US"},{"@type":"Organization","@id":"https:\/\/www.fetedelamusique.de\/#organization","name":"F\u00eate de la Musique Berlin","url":"https:\/\/www.fetedelamusique.de\/","logo":{"@type":"ImageObject","inLanguage":"en-US","@id":"https:\/\/www.fetedelamusique.de\/#\/schema\/logo\/image\/","url":"https:\/\/www.fetedelamusique.de\/wp-content\/uploads\/2022\/06\/Logo2.png","contentUrl":"https:\/\/www.fetedelamusique.de\/wp-content\/uploads\/2022\/06\/Logo2.png","width":3508,"height":1358,"caption":"F\u00eate de la Musique Berlin"},"image":{"@id":"https:\/\/www.fetedelamusique.de\/#\/schema\/logo\/image\/"},"sameAs":["https:\/\/www.facebook.com\/FETEBerlin\/","https:\/\/x.com\/FETEberlin","https:\/\/www.youtube.com\/channel\/UC6bQMMsctBTXZCTx4r1SXAg","https:\/\/www.tiktok.com\/fetedelamusiqueberlin","https:\/\/www.instagram.com\/feteberlin\/","https:\/\/social.www.fetedelamusique.de"]}]}},"_links":{"self":[{"href":"https:\/\/www.fetedelamusique.de\/en\/wp-json\/wp\/v2\/pages\/4578","targetHints":{"allow":["GET"]}}],"collection":[{"href":"https:\/\/www.fetedelamusique.de\/en\/wp-json\/wp\/v2\/pages"}],"about":[{"href":"https:\/\/www.fetedelamusique.de\/en\/wp-json\/wp\/v2\/types\/page"}],"author":[{"embeddable":true,"href":"https:\/\/www.fetedelamusique.de\/en\/wp-json\/wp\/v2\/users\/1"}],"replies":[{"embeddable":true,"href":"https:\/\/www.fetedelamusique.de\/en\/wp-json\/wp\/v2\/comments?post=4578"}],"version-history":[{"count":56,"href":"https:\/\/www.fetedelamusique.de\/en\/wp-json\/wp\/v2\/pages\/4578\/revisions"}],"predecessor-version":[{"id":19824,"href":"https:\/\/www.fetedelamusique.de\/en\/wp-json\/wp\/v2\/pages\/4578\/revisions\/19824"}],"wp:attachment":[{"href":"https:\/\/www.fetedelamusique.de\/en\/wp-json\/wp\/v2\/media?parent=4578"}],"wp:term":[{"taxonomy":"wf_page_folders","embeddable":true,"href":"https:\/\/www.fetedelamusique.de\/en\/wp-json\/wp\/v2\/wf_page_folders?post=4578"}],"curies":[{"name":"wp","href":"https:\/\/api.w.org\/{rel}","templated":true}]}}