{"id":20497,"date":"2025-03-17T12:33:42","date_gmt":"2025-03-17T11:33:42","guid":{"rendered":"https:\/\/fete.nerdline.online\/?page_id=20497"},"modified":"2025-04-03T10:22:14","modified_gmt":"2025-04-03T08:22:14","slug":"supporters","status":"publish","type":"page","link":"https:\/\/www.fetedelamusique.de\/en\/supporters\/","title":{"rendered":"Supporters"},"content":{"rendered":"\n<div class=\"wp-block-columns alignfull is-layout-flex wp-container-core-columns-is-layout-625b63cf wp-block-columns-is-layout-flex\">\n<div class=\"wp-block-column has-background is-layout-flow wp-block-column-is-layout-flow\" style=\"background-color:#fef074\">\n<div class=\"wp-block-cover is-light tw-stretched-link wp-container-content-958eb9dc tw-block-animation tw-animation-fade-in\" style=\"padding-top:var(--wp--preset--spacing--50);padding-right:var(--wp--preset--spacing--50);padding-bottom:var(--wp--preset--spacing--50);padding-left:var(--wp--preset--spacing--50)\"><span aria-hidden=\"true\" class=\"wp-block-cover__background has-background-dim-0 has-background-dim\"><\/span><div class=\"wp-block-cover__inner-container is-layout-flow wp-block-cover-is-layout-flow\">\n<h1 class=\"wp-block-heading has-xx-large-font-size\">Become Part of the F\u00eate. Become a Supporter!<\/h1>\n\n\n\n<h3 class=\"wp-block-heading\">There are many ways to support the F\u00eate de la Musique. From major sponsorship to technical support and bilateral agreements.<\/h3>\n<\/div><\/div>\n<\/div>\n\n\n\n<div class=\"wp-block-column has-background is-layout-flow wp-block-column-is-layout-flow\" style=\"background-color:#f6cff4\">\n<div class=\"wp-block-cover is-light tw-stretched-link wp-container-content-958eb9dc tw-block-animation tw-animation-fade-in\" style=\"padding-top:var(--wp--preset--spacing--50);padding-right:var(--wp--preset--spacing--50);padding-bottom:var(--wp--preset--spacing--50);padding-left:var(--wp--preset--spacing--50)\"><span aria-hidden=\"true\" class=\"wp-block-cover__background has-background-dim-0 has-background-dim\"><\/span><div class=\"wp-block-cover__inner-container is-layout-flow wp-block-cover-is-layout-flow\">\n<p>There are various ways and opportunities to get involved with the F\u00eate de la Musique. The most obvious way is to organize a concert as a venue or to participate as a musician. Or, of course, to visit one of the many free concerts as a guest. But that&#8217;s not all. Because you can also become part of #FETEBerlin as a supporter.<\/p>\n\n\n\n<p style=\"font-style:normal;font-weight:700\">We present ideas for supporting the F\u00eate de la Musique Berlin.<\/p>\n<\/div><\/div>\n<\/div>\n<\/div>\n\n\n\n<div class=\"wp-block-cover alignfull is-light\" style=\"margin-top:0;margin-bottom:0\"><span aria-hidden=\"true\" class=\"wp-block-cover__background has-background-dim-0 has-background-dim\" style=\"background-color:#8c8a88\"><\/span><img decoding=\"async\" class=\"wp-block-cover__image-background wp-image-20903\" alt=\"\" src=\"https:\/\/www.fetedelamusique.de\/wp-content\/uploads\/2025\/04\/39_A_2_Pressefoto_FeteDeLaMusique_2020_cJim-Kroft.webp\" data-object-fit=\"cover\"\/><div class=\"wp-block-cover__inner-container has-global-padding is-layout-constrained wp-block-cover-is-layout-constrained\">\n<p class=\"has-text-align-center has-large-font-size\"><\/p>\n<\/div><\/div>\n\n\n\n<div class=\"wp-block-group alignfull has-global-padding is-layout-constrained wp-block-group-is-layout-constrained\" style=\"margin-top:0;margin-bottom:0;padding-top:var(--wp--preset--spacing--30);padding-bottom:var(--wp--preset--spacing--30)\">\n<div class=\"wp-block-group alignwide is-layout-flow wp-container-core-group-is-layout-d58a0413 wp-block-group-is-layout-flow\" style=\"padding-top:var(--wp--preset--spacing--50);padding-bottom:var(--wp--preset--spacing--50)\">\n<h2 class=\"wp-block-heading has-x-large-font-size\">Small and Large Possibilities and Ideas for Supporters<\/h2>\n\n\n\n<div class=\"wp-block-columns is-layout-flex wp-container-core-columns-is-layout-9b272f02 wp-block-columns-is-layout-flex\">\n<div class=\"wp-block-column is-layout-flow wp-block-column-is-layout-flow\">\n<div class=\"wp-block-group is-layout-flow wp-block-group-is-layout-flow\" style=\"border-top-color:var(--wp--preset--color--accent-6);border-top-width:1px;padding-top:var(--wp--preset--spacing--30);padding-bottom:var(--wp--preset--spacing--30)\">\n<h3 class=\"wp-block-heading has-large-font-size\" style=\"font-style:normal;font-weight:600\">As a private individual, offer your support<\/h3>\n\n\n\n<p>Your support can start small. Bilaterally and as a private individual. In simply being present and helping, and of course supporting your favorite stage or favorite artist. Uncomplicated and low-threshold offers are, for example:<\/p>\n\n\n\n<ul class=\"wp-block-list\">\n<li>Offer catering<\/li>\n\n\n\n<li>Throw something into the hat of street musicians<\/li>\n\n\n\n<li>Offer sound engineering for a stage<\/li>\n\n\n\n<li>Provide or lend technical support or equipment\u00f6glichen&nbsp;<\/li>\n<\/ul>\n\n\n\n<p><\/p>\n<\/div>\n<\/div>\n\n\n\n<div class=\"wp-block-column is-layout-flow wp-block-column-is-layout-flow\">\n<div class=\"wp-block-group is-layout-flow wp-block-group-is-layout-flow\" style=\"border-top-color:var(--wp--preset--color--accent-6);border-top-width:1px;padding-top:var(--wp--preset--spacing--30);padding-bottom:var(--wp--preset--spacing--30)\">\n<h3 class=\"wp-block-heading has-large-font-size\" style=\"font-style:normal;font-weight:600\">As a retail store or service provider, arrange a presenting or small sponsorship<\/h3>\n\n\n\n<p>If you offer a local business or service, you can certainly find a service that you can offer to a local stage and then achieve appropriate advertising and visibility for your work. For this, we offer an overview of stages in our matchmaking tool. You can register as a supporter there and search for suitable partners. The rest, that is, the quid pro quo and the type of support, is then bilaterally between you and the stage.<\/p>\n<\/div>\n<\/div>\n<\/div>\n\n\n\n<div class=\"wp-block-columns is-layout-flex wp-container-core-columns-is-layout-9b272f02 wp-block-columns-is-layout-flex\">\n<div class=\"wp-block-column is-layout-flow wp-block-column-is-layout-flow\">\n<div class=\"wp-block-group is-layout-flow wp-block-group-is-layout-flow\" style=\"border-top-color:var(--wp--preset--color--accent-6);border-top-width:1px;padding-top:var(--wp--preset--spacing--30);padding-bottom:var(--wp--preset--spacing--30)\">\n<h3 class=\"wp-block-heading has-large-font-size\" style=\"font-style:normal;font-weight:600\">Beyond local visibility, cooperative partnerships<\/h3>\n\n\n\n<p>Campaigns that include multiple stages can also be initiated by you &#8211; with our support (if desired). For example, supporting particularly sustainable, environmentally friendly, or inclusive stages or acts is conceivable. If you have interest but are missing contact persons or conceptual impulses, feel free to contact us at hallo@fetedelamusique.de.<\/p>\n<\/div>\n<\/div>\n\n\n\n<div class=\"wp-block-column is-layout-flow wp-block-column-is-layout-flow\">\n<div class=\"wp-block-group is-layout-flow wp-block-group-is-layout-flow\" style=\"border-top-color:var(--wp--preset--color--accent-6);border-top-width:1px;padding-top:var(--wp--preset--spacing--30);padding-bottom:var(--wp--preset--spacing--30)\">\n<h3 class=\"wp-block-heading has-large-font-size\" style=\"font-style:normal;font-weight:600\">Become a Sponsor of the F\u00eate de la Musique<\/h3>\n\n\n\n<p>The F\u00eate de la Musique is open to sponsorships. Since the range of potential collaborations is immense on one side, while also taking into account the plural and diverse interests and &#8211; above all &#8211; the opinions of all participants, direct communication with the F\u00eate de la Musique team is the best way here. Feel free to contact us at hallo@fetedelamusique.de.<\/p>\n<\/div>\n<\/div>\n<\/div>\n\n\n\n<div class=\"wp-block-columns is-layout-flex wp-container-core-columns-is-layout-9b272f02 wp-block-columns-is-layout-flex\">\n<div class=\"wp-block-column is-layout-flow wp-block-column-is-layout-flow\">\n<div class=\"wp-block-group is-layout-flow wp-block-group-is-layout-flow\" style=\"border-top-color:var(--wp--preset--color--accent-6);border-top-width:1px;padding-top:var(--wp--preset--spacing--30);padding-bottom:var(--wp--preset--spacing--30)\">\n<h3 class=\"wp-block-heading has-large-font-size\" style=\"font-style:normal;font-weight:600\">Regarding the main sponsorship of the F\u00eate de la Musique Berlin<\/h3>\n\n\n\n<p>If you happen to be a large company or know one that fits well with the F\u00eate de la Musique and would like to use the huge reach for advertising messages that do not contradict the spirit of the F\u00eate de la Musique: please contact us! We look forward to creating exciting marketing collaborations.<br><\/p>\n<\/div>\n<\/div>\n\n\n\n<div class=\"wp-block-column is-layout-flow wp-block-column-is-layout-flow\">\n<div class=\"wp-block-group is-layout-flow wp-block-group-is-layout-flow\" style=\"border-top-color:var(--wp--preset--color--accent-6);border-top-width:1px;padding-top:var(--wp--preset--spacing--30);padding-bottom:var(--wp--preset--spacing--30)\">\n<h3 class=\"wp-block-heading\"><\/h3>\n<\/div>\n<\/div>\n<\/div>\n\n\n\n<div class=\"wp-block-buttons is-content-justification-center is-layout-flex wp-container-core-buttons-is-layout-a89b3969 wp-block-buttons-is-layout-flex\">\n<div class=\"wp-block-button\"><a class=\"wp-block-button__link has-text-align-center wp-element-button\" href=\"mailto:hallo@fetedelamusique.de\" target=\"_blank\" rel=\"noreferrer noopener\">Get in touch!<\/a><\/div>\n<\/div>\n<\/div>\n<\/div>\n\n\n\n<div class=\"wp-block-group alignfull tw-lg-hidden tw-md-hidden tw-sm-hidden has-background has-global-padding is-layout-constrained wp-block-group-is-layout-constrained\" style=\"background-color:#f6cff4;padding-top:var(--wp--preset--spacing--50);padding-bottom:var(--wp--preset--spacing--50)\">\n<h2 class=\"wp-block-heading has-text-align-center has-x-large-font-size\">Supporter Presentation for Download \/\/ Best Practice \/\/ Cases<\/h2>\n\n\n\n<div style=\"height:20px\" aria-hidden=\"true\" class=\"wp-block-spacer\"><\/div>\n\n\n\n<div class=\"wp-block-group alignwide has-global-padding is-layout-constrained wp-block-group-is-layout-constrained\">\n<div class=\"wp-block-columns alignwide is-layout-flex wp-container-core-columns-is-layout-e2c3cc00 wp-block-columns-is-layout-flex\">\n<div class=\"wp-block-column is-layout-flow wp-block-column-is-layout-flow\" style=\"border-top-width:1px;padding-top:var(--wp--preset--spacing--40)\">\n<h3 class=\"wp-block-heading has-large-font-size\"><a href=\"https:\/\/www.fetedelamusique.de\/\/wp-content\/uploads\/2022\/12\/Fete-de-la-Musique-Handlungsleitfaden-Veranstalter_innen.pdf\" target=\"_blank\" rel=\"noreferrer noopener\">Supporter Pr\u00e4sentation (PDF)<\/a><\/h3>\n<\/div>\n\n\n\n<div class=\"wp-block-column is-layout-flow wp-block-column-is-layout-flow\" style=\"border-top-width:1px;padding-top:var(--wp--preset--spacing--40)\">\n<h3 class=\"wp-block-heading has-large-font-size\"><a href=\"https:\/\/www.fetedelamusique.de\/\/wp-content\/uploads\/2022\/12\/Fete-de-la-Musique-Muster-Kooperationsvertrag-Outdoor.pdf\" target=\"_blank\" rel=\"noreferrer noopener\">Best Practice (PDF)<\/a><\/h3>\n<\/div>\n\n\n\n<div class=\"wp-block-column is-layout-flow wp-block-column-is-layout-flow\" style=\"border-top-width:1px;padding-top:var(--wp--preset--spacing--40)\">\n<h3 class=\"wp-block-heading has-large-font-size\"><a href=\"https:\/\/www.fetedelamusique.de\/\/wp-content\/uploads\/2022\/12\/Merkblatt-Sanitaetsdienst-bei-Grossveranstaltungen.pdf\" target=\"_blank\" rel=\"noreferrer noopener\">Cases (PDF)<\/a><\/h3>\n<\/div>\n<\/div>\n\n\n\n<div style=\"height:40px\" aria-hidden=\"true\" class=\"wp-block-spacer\"><\/div>\n<\/div>\n<\/div>\n\n\n\n<div class=\"wp-block-group alignfull tw-lg-hidden tw-md-hidden tw-sm-hidden has-global-padding is-layout-constrained wp-container-core-group-is-layout-54af5b55 wp-block-group-is-layout-constrained\" style=\"margin-top:0;margin-bottom:0;padding-top:var(--wp--preset--spacing--60);padding-bottom:var(--wp--preset--spacing--60)\">\n<h2 class=\"wp-block-heading alignwide has-text-align-center has-x-large-font-size\">Nutze unser Netzwerk. Mit dem Matchmaking-Tool findest Du B\u00fchnenpartner*innen und Musiker*innen<\/h2>\n\n\n\n<p class=\"has-text-align-center has-medium-font-size\">B\u00fchnen, Musiker*innen und Unterst\u00fctzer*innen k\u00f6nnen sich registrieren, ein Profil anlegen und so bilateral zueinander finden.<\/p>\n\n\n\n<div class=\"wp-block-buttons alignwide has-custom-font-size has-medium-font-size is-content-justification-center is-layout-flex wp-container-core-buttons-is-layout-c124d1c4 wp-block-buttons-is-layout-flex\">\n<div class=\"wp-block-button\"><a class=\"wp-block-button__link wp-element-button\">Eine B\u00fchne unterst\u00fctzen<\/a><\/div>\n\n\n\n<div class=\"wp-block-button\"><a class=\"wp-block-button__link wp-element-button\">Musiker*innen unterst\u00fctzen<\/a><\/div>\n<\/div>\n\n\n\n<p class=\"has-text-align-center has-medium-font-size\">Du hast noch kein Profil? Melde Dich als Nutzer*in in <u>unserem Matchmaking-Tool <\/u>an.<\/p>\n<\/div>\n\n\n\n<aside class=\"wp-block-group alignfull is-style-section-3 has-global-padding is-layout-constrained wp-container-core-group-is-layout-f0f2a97b wp-block-group-is-layout-constrained is-style-section-3--1\" style=\"margin-top:0;margin-bottom:0;padding-top:var(--wp--preset--spacing--50);padding-right:var(--wp--preset--spacing--50);padding-bottom:var(--wp--preset--spacing--50);padding-left:var(--wp--preset--spacing--50)\">\n<div class=\"wp-block-group is-vertical is-content-justification-center is-layout-flex wp-container-core-group-is-layout-8778ca4a wp-block-group-is-layout-flex\" style=\"min-height:360px;margin-top:0;margin-bottom:0\">\n<h2 class=\"wp-block-heading has-text-align-center has-x-large-font-size\">Don\u2019t miss any news and registration deadlines!<\/h2>\n\n\n\n<p class=\"has-text-align-center is-style-text-subtitle has-large-font-size is-style-text-subtitle--2\">All information about the F\u00eate de la Musique. When can you apply? What deadlines are there? What will be new this year and much more information: Subscribe to the newsletter, wait and enjoy! No sharing of your data, no advertising, and no spamming. Just the finest music and information treats fresh in your mailbox!<\/p>\n\n\n\n<div style=\"height:0px\" aria-hidden=\"true\" class=\"wp-block-spacer wp-container-content-62aae154\"><\/div>\n\n\n\n<div class=\"wp-block-buttons is-content-justification-center is-layout-flex wp-container-core-buttons-is-layout-a89b3969 wp-block-buttons-is-layout-flex\">\n<div class=\"wp-block-button\"><a class=\"wp-block-button__link has-text-align-center wp-element-button\">Subscribe to our Newsletter<\/a><\/div>\n<\/div>\n<\/div>\n<\/aside>\n","protected":false},"excerpt":{"rendered":"<p>Small and Large Possibilities and Ideas for Supporters As a private individual, offer your support Your support can start small. Bilaterally and as a private individual. In simply being present and helping, and of course supporting your favorite stage or favorite artist. Uncomplicated and low-threshold offers are, for example: As a retail store or service [&hellip;]<\/p>\n","protected":false},"author":1,"featured_media":0,"parent":0,"menu_order":0,"comment_status":"closed","ping_status":"closed","template":"","meta":{"inline_featured_image":false,"footnotes":""},"wf_page_folders":[200],"class_list":["post-20497","page","type-page","status-publish","hentry"],"yoast_head":"<!-- This site is optimized with the Yoast SEO plugin v27.5 - https:\/\/yoast.com\/product\/yoast-seo-wordpress\/ -->\n<title>Supporters - F\u00eate de la Musique Berlin | #FETEBerlin 2026<\/title>\n<meta name=\"robots\" content=\"index, follow, max-snippet:-1, max-image-preview:large, max-video-preview:-1\" \/>\n<link rel=\"canonical\" href=\"https:\/\/www.fetedelamusique.de\/unterstuetzerin\/\" \/>\n<meta property=\"og:locale\" content=\"en_US\" \/>\n<meta property=\"og:type\" content=\"article\" \/>\n<meta property=\"og:title\" content=\"Supporters - F\u00eate de la Musique Berlin | #FETEBerlin 2026\" \/>\n<meta property=\"og:description\" content=\"Small and Large Possibilities and Ideas for Supporters As a private individual, offer your support Your support can start small. Bilaterally and as a private individual. In simply being present and helping, and of course supporting your favorite stage or favorite artist. Uncomplicated and low-threshold offers are, for example: As a retail store or service [&hellip;]\" \/>\n<meta property=\"og:url\" content=\"https:\/\/www.fetedelamusique.de\/unterstuetzerin\/\" \/>\n<meta property=\"og:site_name\" content=\"F\u00eate de la Musique Berlin | #FETEBerlin 2026\" \/>\n<meta property=\"article:publisher\" content=\"https:\/\/www.facebook.com\/FETEBerlin\/\" \/>\n<meta property=\"article:modified_time\" content=\"2025-04-03T08:22:14+00:00\" \/>\n<meta property=\"og:image\" content=\"https:\/\/www.fetedelamusique.de\/wp-content\/uploads\/2025\/04\/39_A_2_Pressefoto_FeteDeLaMusique_2020_cJim-Kroft.webp\" \/>\n<meta name=\"twitter:card\" content=\"summary_large_image\" \/>\n<meta name=\"twitter:site\" content=\"@FETEberlin\" \/>\n<meta name=\"twitter:label1\" content=\"Est. reading time\" \/>\n\t<meta name=\"twitter:data1\" content=\"3 minutes\" \/>\n<script type=\"application\/ld+json\" class=\"yoast-schema-graph\">{\"@context\":\"https:\\\/\\\/schema.org\",\"@graph\":[{\"@type\":\"WebPage\",\"@id\":\"https:\\\/\\\/www.fetedelamusique.de\\\/unterstuetzerin\\\/\",\"url\":\"https:\\\/\\\/www.fetedelamusique.de\\\/unterstuetzerin\\\/\",\"name\":\"Supporters - F\u00eate de la Musique Berlin | #FETEBerlin 2026\",\"isPartOf\":{\"@id\":\"https:\\\/\\\/www.fetedelamusique.de\\\/#website\"},\"primaryImageOfPage\":{\"@id\":\"https:\\\/\\\/www.fetedelamusique.de\\\/unterstuetzerin\\\/#primaryimage\"},\"image\":{\"@id\":\"https:\\\/\\\/www.fetedelamusique.de\\\/unterstuetzerin\\\/#primaryimage\"},\"thumbnailUrl\":\"https:\\\/\\\/www.fetedelamusique.de\\\/wp-content\\\/uploads\\\/2025\\\/04\\\/39_A_2_Pressefoto_FeteDeLaMusique_2020_cJim-Kroft.webp\",\"datePublished\":\"2025-03-17T11:33:42+00:00\",\"dateModified\":\"2025-04-03T08:22:14+00:00\",\"inLanguage\":\"en-US\",\"potentialAction\":[{\"@type\":\"ReadAction\",\"target\":[\"https:\\\/\\\/www.fetedelamusique.de\\\/unterstuetzerin\\\/\"]}]},{\"@type\":\"ImageObject\",\"inLanguage\":\"en-US\",\"@id\":\"https:\\\/\\\/www.fetedelamusique.de\\\/unterstuetzerin\\\/#primaryimage\",\"url\":\"https:\\\/\\\/www.fetedelamusique.de\\\/wp-content\\\/uploads\\\/2025\\\/04\\\/39_A_2_Pressefoto_FeteDeLaMusique_2020_cJim-Kroft.webp\",\"contentUrl\":\"https:\\\/\\\/www.fetedelamusique.de\\\/wp-content\\\/uploads\\\/2025\\\/04\\\/39_A_2_Pressefoto_FeteDeLaMusique_2020_cJim-Kroft.webp\"},{\"@type\":\"WebSite\",\"@id\":\"https:\\\/\\\/www.fetedelamusique.de\\\/#website\",\"url\":\"https:\\\/\\\/www.fetedelamusique.de\\\/\",\"name\":\"F\u00eate de la Musique Berlin | #FETEBerlin 2026\",\"description\":\"Berlin celebrates music. In all districts. For free, outside and inside. On 21 June. Join in, everyone.\",\"publisher\":{\"@id\":\"https:\\\/\\\/www.fetedelamusique.de\\\/#organization\"},\"potentialAction\":[{\"@type\":\"SearchAction\",\"target\":{\"@type\":\"EntryPoint\",\"urlTemplate\":\"https:\\\/\\\/www.fetedelamusique.de\\\/?s={search_term_string}\"},\"query-input\":{\"@type\":\"PropertyValueSpecification\",\"valueRequired\":true,\"valueName\":\"search_term_string\"}}],\"inLanguage\":\"en-US\"},{\"@type\":\"Organization\",\"@id\":\"https:\\\/\\\/www.fetedelamusique.de\\\/#organization\",\"name\":\"F\u00eate de la Musique Berlin\",\"url\":\"https:\\\/\\\/www.fetedelamusique.de\\\/\",\"logo\":{\"@type\":\"ImageObject\",\"inLanguage\":\"en-US\",\"@id\":\"https:\\\/\\\/www.fetedelamusique.de\\\/#\\\/schema\\\/logo\\\/image\\\/\",\"url\":\"https:\\\/\\\/www.fetedelamusique.de\\\/wp-content\\\/uploads\\\/2022\\\/06\\\/Logo2.png\",\"contentUrl\":\"https:\\\/\\\/www.fetedelamusique.de\\\/wp-content\\\/uploads\\\/2022\\\/06\\\/Logo2.png\",\"width\":3508,\"height\":1358,\"caption\":\"F\u00eate de la Musique Berlin\"},\"image\":{\"@id\":\"https:\\\/\\\/www.fetedelamusique.de\\\/#\\\/schema\\\/logo\\\/image\\\/\"},\"sameAs\":[\"https:\\\/\\\/www.facebook.com\\\/FETEBerlin\\\/\",\"https:\\\/\\\/x.com\\\/FETEberlin\",\"https:\\\/\\\/www.youtube.com\\\/channel\\\/UC6bQMMsctBTXZCTx4r1SXAg\",\"https:\\\/\\\/www.tiktok.com\\\/fetedelamusiqueberlin\",\"https:\\\/\\\/www.instagram.com\\\/feteberlin\\\/\",\"https:\\\/\\\/social.www.fetedelamusique.de\"]}]}<\/script>\n<!-- \/ Yoast SEO plugin. -->","yoast_head_json":{"title":"Supporters - F\u00eate de la Musique Berlin | #FETEBerlin 2026","robots":{"index":"index","follow":"follow","max-snippet":"max-snippet:-1","max-image-preview":"max-image-preview:large","max-video-preview":"max-video-preview:-1"},"canonical":"https:\/\/www.fetedelamusique.de\/unterstuetzerin\/","og_locale":"en_US","og_type":"article","og_title":"Supporters - F\u00eate de la Musique Berlin | #FETEBerlin 2026","og_description":"Small and Large Possibilities and Ideas for Supporters As a private individual, offer your support Your support can start small. Bilaterally and as a private individual. In simply being present and helping, and of course supporting your favorite stage or favorite artist. Uncomplicated and low-threshold offers are, for example: As a retail store or service [&hellip;]","og_url":"https:\/\/www.fetedelamusique.de\/unterstuetzerin\/","og_site_name":"F\u00eate de la Musique Berlin | #FETEBerlin 2026","article_publisher":"https:\/\/www.facebook.com\/FETEBerlin\/","article_modified_time":"2025-04-03T08:22:14+00:00","og_image":[{"url":"https:\/\/www.fetedelamusique.de\/wp-content\/uploads\/2025\/04\/39_A_2_Pressefoto_FeteDeLaMusique_2020_cJim-Kroft.webp","type":"","width":"","height":""}],"twitter_card":"summary_large_image","twitter_site":"@FETEberlin","twitter_misc":{"Est. reading time":"3 minutes"},"schema":{"@context":"https:\/\/schema.org","@graph":[{"@type":"WebPage","@id":"https:\/\/www.fetedelamusique.de\/unterstuetzerin\/","url":"https:\/\/www.fetedelamusique.de\/unterstuetzerin\/","name":"Supporters - F\u00eate de la Musique Berlin | #FETEBerlin 2026","isPartOf":{"@id":"https:\/\/www.fetedelamusique.de\/#website"},"primaryImageOfPage":{"@id":"https:\/\/www.fetedelamusique.de\/unterstuetzerin\/#primaryimage"},"image":{"@id":"https:\/\/www.fetedelamusique.de\/unterstuetzerin\/#primaryimage"},"thumbnailUrl":"https:\/\/www.fetedelamusique.de\/wp-content\/uploads\/2025\/04\/39_A_2_Pressefoto_FeteDeLaMusique_2020_cJim-Kroft.webp","datePublished":"2025-03-17T11:33:42+00:00","dateModified":"2025-04-03T08:22:14+00:00","inLanguage":"en-US","potentialAction":[{"@type":"ReadAction","target":["https:\/\/www.fetedelamusique.de\/unterstuetzerin\/"]}]},{"@type":"ImageObject","inLanguage":"en-US","@id":"https:\/\/www.fetedelamusique.de\/unterstuetzerin\/#primaryimage","url":"https:\/\/www.fetedelamusique.de\/wp-content\/uploads\/2025\/04\/39_A_2_Pressefoto_FeteDeLaMusique_2020_cJim-Kroft.webp","contentUrl":"https:\/\/www.fetedelamusique.de\/wp-content\/uploads\/2025\/04\/39_A_2_Pressefoto_FeteDeLaMusique_2020_cJim-Kroft.webp"},{"@type":"WebSite","@id":"https:\/\/www.fetedelamusique.de\/#website","url":"https:\/\/www.fetedelamusique.de\/","name":"F\u00eate de la Musique Berlin | #FETEBerlin 2026","description":"Berlin celebrates music. In all districts. For free, outside and inside. On 21 June. Join in, everyone.","publisher":{"@id":"https:\/\/www.fetedelamusique.de\/#organization"},"potentialAction":[{"@type":"SearchAction","target":{"@type":"EntryPoint","urlTemplate":"https:\/\/www.fetedelamusique.de\/?s={search_term_string}"},"query-input":{"@type":"PropertyValueSpecification","valueRequired":true,"valueName":"search_term_string"}}],"inLanguage":"en-US"},{"@type":"Organization","@id":"https:\/\/www.fetedelamusique.de\/#organization","name":"F\u00eate de la Musique Berlin","url":"https:\/\/www.fetedelamusique.de\/","logo":{"@type":"ImageObject","inLanguage":"en-US","@id":"https:\/\/www.fetedelamusique.de\/#\/schema\/logo\/image\/","url":"https:\/\/www.fetedelamusique.de\/wp-content\/uploads\/2022\/06\/Logo2.png","contentUrl":"https:\/\/www.fetedelamusique.de\/wp-content\/uploads\/2022\/06\/Logo2.png","width":3508,"height":1358,"caption":"F\u00eate de la Musique Berlin"},"image":{"@id":"https:\/\/www.fetedelamusique.de\/#\/schema\/logo\/image\/"},"sameAs":["https:\/\/www.facebook.com\/FETEBerlin\/","https:\/\/x.com\/FETEberlin","https:\/\/www.youtube.com\/channel\/UC6bQMMsctBTXZCTx4r1SXAg","https:\/\/www.tiktok.com\/fetedelamusiqueberlin","https:\/\/www.instagram.com\/feteberlin\/","https:\/\/social.www.fetedelamusique.de"]}]}},"_links":{"self":[{"href":"https:\/\/www.fetedelamusique.de\/en\/wp-json\/wp\/v2\/pages\/20497","targetHints":{"allow":["GET"]}}],"collection":[{"href":"https:\/\/www.fetedelamusique.de\/en\/wp-json\/wp\/v2\/pages"}],"about":[{"href":"https:\/\/www.fetedelamusique.de\/en\/wp-json\/wp\/v2\/types\/page"}],"author":[{"embeddable":true,"href":"https:\/\/www.fetedelamusique.de\/en\/wp-json\/wp\/v2\/users\/1"}],"replies":[{"embeddable":true,"href":"https:\/\/www.fetedelamusique.de\/en\/wp-json\/wp\/v2\/comments?post=20497"}],"version-history":[{"count":5,"href":"https:\/\/www.fetedelamusique.de\/en\/wp-json\/wp\/v2\/pages\/20497\/revisions"}],"predecessor-version":[{"id":20974,"href":"https:\/\/www.fetedelamusique.de\/en\/wp-json\/wp\/v2\/pages\/20497\/revisions\/20974"}],"wp:attachment":[{"href":"https:\/\/www.fetedelamusique.de\/en\/wp-json\/wp\/v2\/media?parent=20497"}],"wp:term":[{"taxonomy":"wf_page_folders","embeddable":true,"href":"https:\/\/www.fetedelamusique.de\/en\/wp-json\/wp\/v2\/wf_page_folders?post=20497"}],"curies":[{"name":"wp","href":"https:\/\/api.w.org\/{rel}","templated":true}]}}