{"id":16987,"date":"2023-05-11T11:15:42","date_gmt":"2023-05-11T09:15:42","guid":{"rendered":"https:\/\/www.fetedelamusique.de\/?page_id=16987"},"modified":"2025-06-19T15:45:26","modified_gmt":"2025-06-19T13:45:26","slug":"single-event-base-template","status":"publish","type":"page","link":"https:\/\/www.fetedelamusique.de\/en\/single-event-base-template\/","title":{"rendered":"Single Event Base Template"},"content":{"rendered":"\n<div class=\"wp-block-group has-global-padding is-layout-constrained wp-block-group-is-layout-constrained\">\n<!-- JSON-Daten im Script-Tag mit type application\/json und id=\"data-json\" -->\n<script type=\"application\/json\" id=\"nms-oa-my-program-event-data-json\">\n{\n    \"eventImg\": \"https:\\\/\\\/www.fetedelamusique.de\\\/wp-content\\\/plugins\\\/nms-openagenda\\\/_images\\\/6922839\\\/8279bd79c03642d2a21a5b53bc55fe88.base.image.jpg\",\n    \"eventTitle\": \"F\u00eate de la Moritzplatz\",\n    \"eventDesc\": \"_Wir feiern 10 Jahre Aufbau Haus mit einer gro\u00dfen Party im Rahmen der F\u00eate de la Musique am 21.06.2025. Von fr\u00fch bis sp\u00e4t gibt es ein vielseitiges Programm mit dem Fokus auf Nachhaltigkeit \u2013 weil wir fest davon \u00fcberzeugt sind, dass ein gutes, gemeinsames Leben f\u00fcr alle in Zukunft nachhaltig(er) sein muss._  \\n_Neben einem gro\u00dfen Flohmarkt erwarten euch inspirierende Vortr\u00e4ge und Gespr\u00e4che, theatrale und Bewegungs-Workshops ebenso wie solche zum Upcycling, konkrete Hilfestellung bei der Fahrradreparatur oder der Planung eures Balkonkraftwerks und viele weitere Info- und Mitmach-Stationen. Das elektronische Musikprogramm im Rahmen der F\u00eate de la Musique startet gegen 16:00 Uhr \u2013 und dann tanzen wir bis in die Nacht!_  \\n**\\\\*\\\\*\\\\*LINE-UP\\\\*\\\\*\\\\***\\n\\n*   16:00 - 17:30 loves\\\\_kills\\n*   17:30 - 18:30 Carlo Karacho\\n*   18:30 - 20:30 Klix B2B Beal Hogi\\n*   20:30 - 22:00 DJ Zur\u00fcckbleiben bitte\"\n}<\/script> \n\n\n<div class='wp-block-columns alignfull is-layout-flex' id='nms-oa-my-program-eventContent' data-options='[]'>\n\t<div class=\"wp-block-column is-layout-flow meta\">\n\t\n\t\t<div class=\"wp-block-button is-style-fill\">\n\t\t\t\t\t\t\t<a id=\"nms-oa-my-program-back2list\" class=\"wp-block-button__link wp-element-button\" href=\"https:\/\/fete.nerdline.online\/en\/programme\/#FeteProgramm\" title=\"Go back to programm list\" alt=\"Go back to programm list\">Go Back<\/a>\n\t\t\t\t\n\t\t<\/div>\n\t\t\n\t\t<p class=\"showDesktop\">\n\t\t\t<strong>When: <\/strong><br \/>\n\t\t\tSaturday 21 June 2025, 12:00 o'clock\t\t<\/p>\n\n\t\t<hr class=\"showDesktop\"\/>\n\n\t\t<p class=\"showDesktop\">\n\t\t\t<strong>\n\t\t\t\tWhere: \n\t\t\t<\/strong><br \/>\n\t\t\t\t<span>Aufbau Haus<\/span>, \n\t\t\t\n\t\t\t\t<span>84.1 Prinzenstra\u00dfe, 10969 Berlin<\/span> \n\t\t\n\t\t\n\t\t\t\t<br \/>\n\t\t\t\t<a href=\"https:\/\/maps.google.com\/?q=Aufbau Haus,84.1 Prinzenstra\u00dfe, 10969 Berlin\" target=\"_blank\" title=\"Google Maps Link: \">\n\t\t\t\t\tGoogle Maps Link\t\t\t\t<\/a>\n\t\t\t\t<i class=\"fas fa-external-link-alt\"><\/i>\n\n\t\t<\/p>\n\n\t\t<hr  class=\"showDesktop\"\/>\n\t\t\n\t\t\n\t\t<div class=\"showDesktop\">\n\t\t\t<p>\n\t\t\t\t<strong>\n\t\t\t\t\t<span class=\"genrelable\">\n\t\t\t\t\t\tGenres:\n\t\t\t\t\t<\/span>\n\t\t\t\t<\/strong>\n\t\t\t<\/p>\n\t\t\t<span>\n\t\t\t\t<span class=\"nms-oa-taglist-item  elektronik\">Elektronik<\/span>\t\t\t<\/span>\n\t\t<\/div>\n\t\t\n\t\t\n\t\t<hr  class=\"showDesktop\"\/><p class=\"showDesktop\"><b>Is your event accessible?<\/b><\/p><p  class=\"showDesktop\">Die B\u00fchne ist barrierefrei erreichbar (Aufzug).<\/p>\t\t\n\t\t\n\t\t\n\t\t\t\t\t\t<hr  class=\"showDesktop\"\/>\n\t\t\t\t<div id=\"feteBerlinSingleEvent\" data-id=\"nmsLeafLetMap\" class=\"mboxstyle\" style=\"height:500px;z-index:1\" data_vers=\"20230530\"> \n   <div class='nms-oa-overlay' style=\"z-index:9000\">\n\t\t<div class=\"nms_map_openButton\">\n\t\t\tOpen Map\t\t<\/div>\t\n\t\t<div class=\"nms_map_Hint\">\n\t\t\tClick to explore F\u00eate de la Musique.\t\t<\/div>\t\n\t<\/div>\n<\/div>\n<script>nms_leafletMap_call('{\"map\":\"feteBerlinSingleEvent\",\"lib\":\"mapbox\",\"slug\":\"aufbau-haus_5636126\"}');<\/script>\t\t\t<\/div>\n\n\t<div class=\"wp-block-column is-layout-flow content\">\n\t\t<div class=\"wp-block-columns is-layout-flex wp-container-9999\">\n\t\t\t<div class=\"wp-block-column is-layout-flow\" style=\"--col-width:100%;flex-basis:100%\">\n\t\t\t\t<h1 class=\"wp-block-heading\">F\u00eate de la Moritzplatz<\/h1>\n\t\t\t<\/div>\n\t\t<\/div>\n\n\n\t\t<div class=\"wp-block-image\">\n\t\t\t<figure class=\"aligncenter size-large nms-oa-my-programm-eventCoverWrapper\">\n\t\t\t\t\t\t\t\t<img decoding=\"async\" class=\"special_righttop\" src=\"https:\/\/www.fetedelamusique.de\/wp-content\/plugins\/nms-openagenda\/templates\/ms-oa-my-program\/\/..\/..\/..\/assets\/img\/attr_special\/special2024.png\" alt=\"Greener F\u00eate de la Musique Logo\" title=\"Greener F\u00eate de la Musique Event\" \/>\t\t<ul class=\"nms_my_programm_tag_wrapper\">\r\n\t\t\r\n\t\t\t\t\t\t<li class=\"nms_my_programm_tag nms_my_programm_outdoor\">outdoor<\/li>\r\n\t\t\t\t\t\t\t<li class=\"nms_my_programm_tag nms_my_programm_publicviewing\">greener f\u00eate<\/li>\t\t\t\r\n\t\t\t\t\t<\/ul>\r\n\t\t\t\t\t\t<!-- <div style=\"background-image: url('https:\/\/www.fetedelamusique.de\/wp-content\/plugins\/nms-openagenda\/_images\/6922839\/8279bd79c03642d2a21a5b53bc55fe88.base.image.jpg');\" class=\"nms-oa-my-programm-eventCover\"><\/div> -->\n\t\t\t\t<img decoding=\"async\" src=\"https:\/\/www.fetedelamusique.de\/wp-content\/plugins\/nms-openagenda\/_images\/6922839\/8279bd79c03642d2a21a5b53bc55fe88.base.image.jpg\" class=\"nms-oa-my-programm-eventCoverImage\" alt=\"\" \/> \n\n\t\t\t\t\t\t\t\t\t<figcaption class=\"wp-element-caption\" style=\"text-align:right;\">\n\t\t\t\t\t\t <em>\n\t\t\t\t\t\t\t<span>Image credits:  The Real Stuff<\/span> \n\t\t\t\t\t\t<\/em>\n\t\t\t\t\t<\/figcaption>\n\t\t\t\t\n\t\t\t<\/figure>\n\t\t<\/div>\n\n\n\t\t\n\n\n\n\t\t<p class=\"showMobile\">\n\t\t\t<strong>When: <\/strong><br \/>\n\t\t\tSaturday 21 June 2025, 12:00 o'clock\t\t<\/p>\n\n\t\t<hr class=\"showMobile\"\/>\n\n\t\t<p class=\"showMobile\">\n\t\t\t<strong>\n\t\t\t\tWhere: \n\t\t\t<\/strong>\n\t\t<\/p>\t\n\t\t<p class=\"showMobile\">\n\t\t\t<strong>Aufbau Haus<\/strong>,\t\t\t\t\n\t\t\t<br \/>\n\t\t\t\n\t\t\t<span>84.1 Prinzenstra\u00dfe, 10969 Berlin<\/span> \n\n\t\t\t<br \/>\n\t\t\t<a href=\"https:\/\/maps.google.com\/?q=Aufbau Haus,84.1 Prinzenstra\u00dfe, 10969 Berlin\" target=\"_blank\" title=\"Google Maps Link: \">\n\t\t\t\tGoogle Maps Link\t\t\t<\/a>\n\t\t\t<i class=\"fas fa-external-link-alt\"><\/i>\n\t\t<\/p>\n\n\t\t<hr  class=\"showMobile\"\/>\n\n\t\t<div class=\"showMobile\">\n\t\t\t<p>\n\t\t\t\t<strong>\n\t\t\t\t\t<span class=\"genrelable\">\n\t\t\t\t\t\tGenres:\n\t\t\t\t\t<\/span>\n\t\t\t\t<\/strong>\n\t\t\t<\/p>\n\t\t\t<p>\n\t\t\t\t<span>\n\t\t\t\t\t<span class=\"nms-oa-taglist-item  elektronik\">Elektronik<\/span>\t\t\t\t<\/span>\n\t\t\t<\/p>\n\t\t<\/div>\n\n\t\t\n\t\t<hr  class=\"showMobile\"\/>\n\n\t\t<p class=\"showMobile\"><b>Is your event accessible?<\/b><\/p><p  class=\"showMobile\">Die B\u00fchne ist barrierefrei erreichbar (Aufzug).<\/p><hr  class=\"showMobile\"\/>\n\t\t<p>\n\t\t\t<b class=\"wp-block-heading\">Info<\/b>\n\t\t<\/p>\n\n\t\t<p><em>Wir feiern 10 Jahre Aufbau Haus mit einer gro\u00dfen Party im Rahmen der F\u00eate de la Musique am 21.06.2025. Von fr\u00fch bis sp\u00e4t gibt es ein vielseitiges Programm mit dem Fokus auf Nachhaltigkeit \u2013 weil wir fest davon \u00fcberzeugt sind, dass ein gutes, gemeinsames Leben f\u00fcr alle in Zukunft nachhaltig(er) sein muss.<\/em><br \/>\n<em>Neben einem gro\u00dfen Flohmarkt erwarten euch inspirierende Vortr\u00e4ge und Gespr\u00e4che, theatrale und Bewegungs-Workshops ebenso wie solche zum Upcycling, konkrete Hilfestellung bei der Fahrradreparatur oder der Planung eures Balkonkraftwerks und viele weitere Info- und Mitmach-Stationen. Das elektronische Musikprogramm im Rahmen der F\u00eate de la Musique startet gegen 16:00 Uhr \u2013 und dann tanzen wir bis in die Nacht!<\/em><br \/>\n<strong>***LINE-UP***<\/strong><\/p>\n<ul>\n<li>16:00 - 17:30 loves_kills<\/li>\n<li>17:30 - 18:30 Carlo Karacho<\/li>\n<li>18:30 - 20:30 Klix B2B Beal Hogi<\/li>\n<li>20:30 - 22:00 DJ Zur\u00fcckbleiben bitte<\/li>\n<\/ul>\t\t\n\t\t<hr \/>\n\t\t\t\n\t\t\t\t\n\t\t\n\t\t\n<p>\n\t\t\n\t\t<b class=\"wp-block-heading\">Venue<\/b>\n\n<\/p>\n\t\t<div class=\"wp-block-columns is-layout-flex wp-container-3\">\n\t\t\t<div class=\"wp-block-column is-layout-flow\">\n\t\t\t\n\t\t\t\t<b>\n\t\t\t\t\t\t\t<span>Aufbau Haus<\/span>, \n\t\t\t\t<\/b>\n\n\n\t\t\t\t<p>\t\t\t\n\t\t\t\t\t\t\t<span>84.1 Prinzenstra\u00dfe, 10969 Berlin<\/span> \n\t\t\t\t\t\n\t\t\t\t<\/p>\t\t\t\n\t\t\t\n\t\t\t\n\t\t\t\n\t\t\t<\/div>\n\n\n\n\t\t\t<div class=\"wp-block-column is-layout-flow\">\n\t\t\t\t\t\t\n\t\t\t\n\t\t\t<\/div>\n\t\t<\/div>\n\t\n\t\t\n\t\t\n\t\t\t\t\n\t\t\n\t<\/div>\n<\/div>\n<\/div>\n\n\n\n<div style=\"height:36px\" aria-hidden=\"true\" class=\"wp-block-spacer\"><\/div>\n\n\n\n<div class=\"wp-block-group alignwide is-layout-flow wp-block-group-is-layout-flow\">\n<div style=\"height:36px\" aria-hidden=\"true\" class=\"wp-block-spacer\"><\/div>\n<\/div>\n","protected":false},"excerpt":{"rendered":"","protected":false},"author":3,"featured_media":0,"parent":0,"menu_order":0,"comment_status":"closed","ping_status":"closed","template":"","meta":{"inline_featured_image":false,"footnotes":""},"wf_page_folders":[204],"class_list":["post-16987","page","type-page","status-publish","hentry"],"yoast_head":"<!-- This site is optimized with the Yoast SEO plugin v27.5 - https:\/\/yoast.com\/product\/yoast-seo-wordpress\/ -->\n<title>Single Event Base Template - F\u00eate de la Musique Berlin | #FETEBerlin 2026<\/title>\n<meta name=\"robots\" content=\"index, follow, max-snippet:-1, max-image-preview:large, max-video-preview:-1\" \/>\n<link rel=\"canonical\" href=\"https:\/\/www.fetedelamusique.de\/en\/single-event-base-template\/\" \/>\n<meta property=\"og:locale\" content=\"en_US\" \/>\n<meta property=\"og:type\" content=\"article\" \/>\n<meta property=\"og:title\" content=\"Single Event Base Template - F\u00eate de la Musique Berlin | #FETEBerlin 2026\" \/>\n<meta property=\"og:url\" content=\"https:\/\/www.fetedelamusique.de\/en\/single-event-base-template\/\" \/>\n<meta property=\"og:site_name\" content=\"F\u00eate de la Musique Berlin | #FETEBerlin 2026\" \/>\n<meta property=\"article:publisher\" content=\"https:\/\/www.facebook.com\/FETEBerlin\/\" \/>\n<meta property=\"article:modified_time\" content=\"2025-06-19T13:45:26+00:00\" \/>\n<meta property=\"og:image\" content=\"https:\/\/www.fetedelamusique.de\/wp-content\/uploads\/2022\/06\/Logo2.png\" \/>\n\t<meta property=\"og:image:width\" content=\"3508\" \/>\n\t<meta property=\"og:image:height\" content=\"1358\" \/>\n\t<meta property=\"og:image:type\" content=\"image\/png\" \/>\n<meta name=\"twitter:card\" content=\"summary_large_image\" \/>\n<meta name=\"twitter:site\" content=\"@FETEberlin\" \/>\n<script type=\"application\/ld+json\" class=\"yoast-schema-graph\">{\"@context\":\"https:\\\/\\\/schema.org\",\"@graph\":[{\"@type\":\"WebPage\",\"@id\":\"https:\\\/\\\/www.fetedelamusique.de\\\/en\\\/single-event-base-template\\\/\",\"url\":\"https:\\\/\\\/www.fetedelamusique.de\\\/en\\\/single-event-base-template\\\/\",\"name\":\"Single Event Base Template - F\u00eate de la Musique Berlin | #FETEBerlin 2026\",\"isPartOf\":{\"@id\":\"https:\\\/\\\/www.fetedelamusique.de\\\/#website\"},\"datePublished\":\"2023-05-11T09:15:42+00:00\",\"dateModified\":\"2025-06-19T13:45:26+00:00\",\"inLanguage\":\"en-US\",\"potentialAction\":[{\"@type\":\"ReadAction\",\"target\":[\"https:\\\/\\\/www.fetedelamusique.de\\\/en\\\/single-event-base-template\\\/\"]}]},{\"@type\":\"WebSite\",\"@id\":\"https:\\\/\\\/www.fetedelamusique.de\\\/#website\",\"url\":\"https:\\\/\\\/www.fetedelamusique.de\\\/\",\"name\":\"F\u00eate de la Musique Berlin | #FETEBerlin 2026\",\"description\":\"Berlin celebrates music. In all districts. For free, outside and inside. On 21 June. Join in, everyone.\",\"publisher\":{\"@id\":\"https:\\\/\\\/www.fetedelamusique.de\\\/#organization\"},\"potentialAction\":[{\"@type\":\"SearchAction\",\"target\":{\"@type\":\"EntryPoint\",\"urlTemplate\":\"https:\\\/\\\/www.fetedelamusique.de\\\/?s={search_term_string}\"},\"query-input\":{\"@type\":\"PropertyValueSpecification\",\"valueRequired\":true,\"valueName\":\"search_term_string\"}}],\"inLanguage\":\"en-US\"},{\"@type\":\"Organization\",\"@id\":\"https:\\\/\\\/www.fetedelamusique.de\\\/#organization\",\"name\":\"F\u00eate de la Musique Berlin\",\"url\":\"https:\\\/\\\/www.fetedelamusique.de\\\/\",\"logo\":{\"@type\":\"ImageObject\",\"inLanguage\":\"en-US\",\"@id\":\"https:\\\/\\\/www.fetedelamusique.de\\\/#\\\/schema\\\/logo\\\/image\\\/\",\"url\":\"https:\\\/\\\/www.fetedelamusique.de\\\/wp-content\\\/uploads\\\/2022\\\/06\\\/Logo2.png\",\"contentUrl\":\"https:\\\/\\\/www.fetedelamusique.de\\\/wp-content\\\/uploads\\\/2022\\\/06\\\/Logo2.png\",\"width\":3508,\"height\":1358,\"caption\":\"F\u00eate de la Musique Berlin\"},\"image\":{\"@id\":\"https:\\\/\\\/www.fetedelamusique.de\\\/#\\\/schema\\\/logo\\\/image\\\/\"},\"sameAs\":[\"https:\\\/\\\/www.facebook.com\\\/FETEBerlin\\\/\",\"https:\\\/\\\/x.com\\\/FETEberlin\",\"https:\\\/\\\/www.youtube.com\\\/channel\\\/UC6bQMMsctBTXZCTx4r1SXAg\",\"https:\\\/\\\/www.tiktok.com\\\/fetedelamusiqueberlin\",\"https:\\\/\\\/www.instagram.com\\\/feteberlin\\\/\",\"https:\\\/\\\/social.www.fetedelamusique.de\"]}]}<\/script>\n<!-- \/ Yoast SEO plugin. -->","yoast_head_json":{"title":"Single Event Base Template - F\u00eate de la Musique Berlin | #FETEBerlin 2026","robots":{"index":"index","follow":"follow","max-snippet":"max-snippet:-1","max-image-preview":"max-image-preview:large","max-video-preview":"max-video-preview:-1"},"canonical":"https:\/\/www.fetedelamusique.de\/en\/single-event-base-template\/","og_locale":"en_US","og_type":"article","og_title":"Single Event Base Template - F\u00eate de la Musique Berlin | #FETEBerlin 2026","og_url":"https:\/\/www.fetedelamusique.de\/en\/single-event-base-template\/","og_site_name":"F\u00eate de la Musique Berlin | #FETEBerlin 2026","article_publisher":"https:\/\/www.facebook.com\/FETEBerlin\/","article_modified_time":"2025-06-19T13:45:26+00:00","og_image":[{"width":3508,"height":1358,"url":"https:\/\/www.fetedelamusique.de\/wp-content\/uploads\/2022\/06\/Logo2.png","type":"image\/png"}],"twitter_card":"summary_large_image","twitter_site":"@FETEberlin","schema":{"@context":"https:\/\/schema.org","@graph":[{"@type":"WebPage","@id":"https:\/\/www.fetedelamusique.de\/en\/single-event-base-template\/","url":"https:\/\/www.fetedelamusique.de\/en\/single-event-base-template\/","name":"Single Event Base Template - F\u00eate de la Musique Berlin | #FETEBerlin 2026","isPartOf":{"@id":"https:\/\/www.fetedelamusique.de\/#website"},"datePublished":"2023-05-11T09:15:42+00:00","dateModified":"2025-06-19T13:45:26+00:00","inLanguage":"en-US","potentialAction":[{"@type":"ReadAction","target":["https:\/\/www.fetedelamusique.de\/en\/single-event-base-template\/"]}]},{"@type":"WebSite","@id":"https:\/\/www.fetedelamusique.de\/#website","url":"https:\/\/www.fetedelamusique.de\/","name":"F\u00eate de la Musique Berlin | #FETEBerlin 2026","description":"Berlin celebrates music. In all districts. For free, outside and inside. On 21 June. Join in, everyone.","publisher":{"@id":"https:\/\/www.fetedelamusique.de\/#organization"},"potentialAction":[{"@type":"SearchAction","target":{"@type":"EntryPoint","urlTemplate":"https:\/\/www.fetedelamusique.de\/?s={search_term_string}"},"query-input":{"@type":"PropertyValueSpecification","valueRequired":true,"valueName":"search_term_string"}}],"inLanguage":"en-US"},{"@type":"Organization","@id":"https:\/\/www.fetedelamusique.de\/#organization","name":"F\u00eate de la Musique Berlin","url":"https:\/\/www.fetedelamusique.de\/","logo":{"@type":"ImageObject","inLanguage":"en-US","@id":"https:\/\/www.fetedelamusique.de\/#\/schema\/logo\/image\/","url":"https:\/\/www.fetedelamusique.de\/wp-content\/uploads\/2022\/06\/Logo2.png","contentUrl":"https:\/\/www.fetedelamusique.de\/wp-content\/uploads\/2022\/06\/Logo2.png","width":3508,"height":1358,"caption":"F\u00eate de la Musique Berlin"},"image":{"@id":"https:\/\/www.fetedelamusique.de\/#\/schema\/logo\/image\/"},"sameAs":["https:\/\/www.facebook.com\/FETEBerlin\/","https:\/\/x.com\/FETEberlin","https:\/\/www.youtube.com\/channel\/UC6bQMMsctBTXZCTx4r1SXAg","https:\/\/www.tiktok.com\/fetedelamusiqueberlin","https:\/\/www.instagram.com\/feteberlin\/","https:\/\/social.www.fetedelamusique.de"]}]}},"_links":{"self":[{"href":"https:\/\/www.fetedelamusique.de\/en\/wp-json\/wp\/v2\/pages\/16987","targetHints":{"allow":["GET"]}}],"collection":[{"href":"https:\/\/www.fetedelamusique.de\/en\/wp-json\/wp\/v2\/pages"}],"about":[{"href":"https:\/\/www.fetedelamusique.de\/en\/wp-json\/wp\/v2\/types\/page"}],"author":[{"embeddable":true,"href":"https:\/\/www.fetedelamusique.de\/en\/wp-json\/wp\/v2\/users\/3"}],"replies":[{"embeddable":true,"href":"https:\/\/www.fetedelamusique.de\/en\/wp-json\/wp\/v2\/comments?post=16987"}],"version-history":[{"count":6,"href":"https:\/\/www.fetedelamusique.de\/en\/wp-json\/wp\/v2\/pages\/16987\/revisions"}],"predecessor-version":[{"id":21809,"href":"https:\/\/www.fetedelamusique.de\/en\/wp-json\/wp\/v2\/pages\/16987\/revisions\/21809"}],"wp:attachment":[{"href":"https:\/\/www.fetedelamusique.de\/en\/wp-json\/wp\/v2\/media?parent=16987"}],"wp:term":[{"taxonomy":"wf_page_folders","embeddable":true,"href":"https:\/\/www.fetedelamusique.de\/en\/wp-json\/wp\/v2\/wf_page_folders?post=16987"}],"curies":[{"name":"wp","href":"https:\/\/api.w.org\/{rel}","templated":true}]}}